{"id":9034,"date":"2024-12-15T21:37:46","date_gmt":"2024-12-15T18:37:46","guid":{"rendered":"https:\/\/bakpak.com.tr\/?post_type=product&#038;p=9034"},"modified":"2024-12-15T22:18:56","modified_gmt":"2024-12-15T19:18:56","slug":"crystal-dessert-and-food-container","status":"publish","type":"product","link":"https:\/\/bakpak.com.tr\/en\/crystal-dessert-and-food-container\/","title":{"rendered":"Crystal Dessert and Food Container"},"content":{"rendered":"","protected":false},"excerpt":{"rendered":"<p>Crystal dessert containers stand out with their transparent design. It is an ideal option for presentation and storage especially for cafes, patisseries and catering companies.<\/p>\n<ul>\n<li>Ideal for the preservation and presentation of snacks, dessert, cake, nuts and etc.<\/li>\n<li>Provides an eye-catching presentation while maintaining the freshness of the products.<\/li>\n<li>Easy to transport and move.<\/li>\n<\/ul>\n","protected":false},"featured_media":9040,"comment_status":"closed","ping_status":"closed","template":"","meta":[],"product_brand":[],"product_cat":[89,117],"product_tag":[189,190,191],"class_list":{"0":"post-9034","1":"product","2":"type-product","3":"status-publish","4":"has-post-thumbnail","6":"product_cat-plastic","7":"product_cat-plastic-food-containers","8":"product_tag-crystal-dessert-container","9":"product_tag-crystal-food-container","10":"product_tag-transparent-dessert-container","12":"first","13":"instock","14":"product-type-simple"},"yoast_head":"<!-- This site is optimized with the Yoast SEO plugin v27.3 - https:\/\/yoast.com\/product\/yoast-seo-wordpress\/ -->\n<title>Crystal Dessert and Food Container | BAKPAK Global<\/title>\n<meta name=\"description\" content=\"Crystal dessert containers stand out with their transparent design. Ideal option for presentation and storage for cafes, patisseries and catering companies.\" \/>\n<meta name=\"robots\" content=\"index, follow, max-snippet:-1, max-image-preview:large, max-video-preview:-1\" \/>\n<link rel=\"canonical\" href=\"https:\/\/bakpak.com.tr\/en\/crystal-dessert-and-food-container\/\" \/>\n<meta property=\"og:locale\" content=\"en_US\" \/>\n<meta property=\"og:type\" content=\"article\" \/>\n<meta property=\"og:title\" content=\"Crystal Dessert and Food Container | BAKPAK Global\" \/>\n<meta property=\"og:description\" content=\"Crystal dessert containers stand out with their transparent design. Ideal option for presentation and storage for cafes, patisseries and catering companies.\" \/>\n<meta property=\"og:url\" content=\"https:\/\/bakpak.com.tr\/en\/crystal-dessert-and-food-container\/\" \/>\n<meta property=\"og:site_name\" content=\"BAKPAK Global\" \/>\n<meta property=\"article:modified_time\" content=\"2024-12-15T19:18:56+00:00\" \/>\n<meta property=\"og:image\" content=\"https:\/\/bakpak.com.tr\/wp-content\/uploads\/2024\/12\/kristal-gida-kabi-5.webp\" \/>\n\t<meta property=\"og:image:width\" content=\"1080\" \/>\n\t<meta property=\"og:image:height\" content=\"1080\" \/>\n\t<meta property=\"og:image:type\" content=\"image\/webp\" \/>\n<meta name=\"twitter:card\" content=\"summary_large_image\" \/>\n<meta name=\"twitter:label1\" content=\"Est. reading time\" \/>\n\t<meta name=\"twitter:data1\" content=\"1 minute\" \/>\n<script type=\"application\/ld+json\" class=\"yoast-schema-graph\">{\"@context\":\"https:\\\/\\\/schema.org\",\"@graph\":[{\"@type\":\"WebPage\",\"@id\":\"https:\\\/\\\/bakpak.com.tr\\\/en\\\/crystal-dessert-and-food-container\\\/\",\"url\":\"https:\\\/\\\/bakpak.com.tr\\\/en\\\/crystal-dessert-and-food-container\\\/\",\"name\":\"Crystal Dessert and Food Container | BAKPAK Global\",\"isPartOf\":{\"@id\":\"https:\\\/\\\/bakpak.com.tr\\\/en\\\/#website\"},\"primaryImageOfPage\":{\"@id\":\"https:\\\/\\\/bakpak.com.tr\\\/en\\\/crystal-dessert-and-food-container\\\/#primaryimage\"},\"image\":{\"@id\":\"https:\\\/\\\/bakpak.com.tr\\\/en\\\/crystal-dessert-and-food-container\\\/#primaryimage\"},\"thumbnailUrl\":\"https:\\\/\\\/bakpak.com.tr\\\/wp-content\\\/uploads\\\/2024\\\/12\\\/kristal-gida-kabi-5.webp\",\"datePublished\":\"2024-12-15T18:37:46+00:00\",\"dateModified\":\"2024-12-15T19:18:56+00:00\",\"description\":\"Crystal dessert containers stand out with their transparent design. Ideal option for presentation and storage for cafes, patisseries and catering companies.\",\"breadcrumb\":{\"@id\":\"https:\\\/\\\/bakpak.com.tr\\\/en\\\/crystal-dessert-and-food-container\\\/#breadcrumb\"},\"inLanguage\":\"en-US\",\"potentialAction\":[{\"@type\":\"ReadAction\",\"target\":[\"https:\\\/\\\/bakpak.com.tr\\\/en\\\/crystal-dessert-and-food-container\\\/\"]}]},{\"@type\":\"ImageObject\",\"inLanguage\":\"en-US\",\"@id\":\"https:\\\/\\\/bakpak.com.tr\\\/en\\\/crystal-dessert-and-food-container\\\/#primaryimage\",\"url\":\"https:\\\/\\\/bakpak.com.tr\\\/wp-content\\\/uploads\\\/2024\\\/12\\\/kristal-gida-kabi-5.webp\",\"contentUrl\":\"https:\\\/\\\/bakpak.com.tr\\\/wp-content\\\/uploads\\\/2024\\\/12\\\/kristal-gida-kabi-5.webp\",\"width\":1080,\"height\":1080,\"caption\":\"Kristal Tatl\u0131 ve G\u0131da Kaplar\u0131\"},{\"@type\":\"BreadcrumbList\",\"@id\":\"https:\\\/\\\/bakpak.com.tr\\\/en\\\/crystal-dessert-and-food-container\\\/#breadcrumb\",\"itemListElement\":[{\"@type\":\"ListItem\",\"position\":1,\"name\":\"Anasayfa\",\"item\":\"https:\\\/\\\/bakpak.com.tr\\\/en\\\/home\\\/\"},{\"@type\":\"ListItem\",\"position\":2,\"name\":\"Products\",\"item\":\"https:\\\/\\\/bakpak.com.tr\\\/en\\\/products\\\/\"},{\"@type\":\"ListItem\",\"position\":3,\"name\":\"Crystal Dessert and Food Container\"}]},{\"@type\":\"WebSite\",\"@id\":\"https:\\\/\\\/bakpak.com.tr\\\/en\\\/#website\",\"url\":\"https:\\\/\\\/bakpak.com.tr\\\/en\\\/\",\"name\":\"BAKPAK Global\",\"description\":\"Corporate Packaging Solutions\",\"publisher\":{\"@id\":\"https:\\\/\\\/bakpak.com.tr\\\/en\\\/#organization\"},\"potentialAction\":[{\"@type\":\"SearchAction\",\"target\":{\"@type\":\"EntryPoint\",\"urlTemplate\":\"https:\\\/\\\/bakpak.com.tr\\\/en\\\/?s={search_term_string}\"},\"query-input\":{\"@type\":\"PropertyValueSpecification\",\"valueRequired\":true,\"valueName\":\"search_term_string\"}}],\"inLanguage\":\"en-US\"},{\"@type\":\"Organization\",\"@id\":\"https:\\\/\\\/bakpak.com.tr\\\/en\\\/#organization\",\"name\":\"BAKPAK Global G\u0131da ve Tic. Ltd. \u015eti.\",\"alternateName\":\"BAKPAK Global\",\"url\":\"https:\\\/\\\/bakpak.com.tr\\\/en\\\/\",\"logo\":{\"@type\":\"ImageObject\",\"inLanguage\":\"en-US\",\"@id\":\"https:\\\/\\\/bakpak.com.tr\\\/en\\\/#\\\/schema\\\/logo\\\/image\\\/\",\"url\":\"https:\\\/\\\/bakpak.com.tr\\\/wp-content\\\/uploads\\\/2023\\\/09\\\/bakpak-global-logo-kare.png\",\"contentUrl\":\"https:\\\/\\\/bakpak.com.tr\\\/wp-content\\\/uploads\\\/2023\\\/09\\\/bakpak-global-logo-kare.png\",\"width\":578,\"height\":579,\"caption\":\"BAKPAK Global G\u0131da ve Tic. Ltd. \u015eti.\"},\"image\":{\"@id\":\"https:\\\/\\\/bakpak.com.tr\\\/en\\\/#\\\/schema\\\/logo\\\/image\\\/\"},\"sameAs\":[\"https:\\\/\\\/www.linkedin.com\\\/company\\\/bakpak-global\\\/\"]}]}<\/script>\n<!-- \/ Yoast SEO plugin. -->","yoast_head_json":{"title":"Crystal Dessert and Food Container | BAKPAK Global","description":"Crystal dessert containers stand out with their transparent design. Ideal option for presentation and storage for cafes, patisseries and catering companies.","robots":{"index":"index","follow":"follow","max-snippet":"max-snippet:-1","max-image-preview":"max-image-preview:large","max-video-preview":"max-video-preview:-1"},"canonical":"https:\/\/bakpak.com.tr\/en\/crystal-dessert-and-food-container\/","og_locale":"en_US","og_type":"article","og_title":"Crystal Dessert and Food Container | BAKPAK Global","og_description":"Crystal dessert containers stand out with their transparent design. Ideal option for presentation and storage for cafes, patisseries and catering companies.","og_url":"https:\/\/bakpak.com.tr\/en\/crystal-dessert-and-food-container\/","og_site_name":"BAKPAK Global","article_modified_time":"2024-12-15T19:18:56+00:00","og_image":[{"width":1080,"height":1080,"url":"https:\/\/bakpak.com.tr\/wp-content\/uploads\/2024\/12\/kristal-gida-kabi-5.webp","type":"image\/webp"}],"twitter_card":"summary_large_image","twitter_misc":{"Est. reading time":"1 minute"},"schema":{"@context":"https:\/\/schema.org","@graph":[{"@type":"WebPage","@id":"https:\/\/bakpak.com.tr\/en\/crystal-dessert-and-food-container\/","url":"https:\/\/bakpak.com.tr\/en\/crystal-dessert-and-food-container\/","name":"Crystal Dessert and Food Container | BAKPAK Global","isPartOf":{"@id":"https:\/\/bakpak.com.tr\/en\/#website"},"primaryImageOfPage":{"@id":"https:\/\/bakpak.com.tr\/en\/crystal-dessert-and-food-container\/#primaryimage"},"image":{"@id":"https:\/\/bakpak.com.tr\/en\/crystal-dessert-and-food-container\/#primaryimage"},"thumbnailUrl":"https:\/\/bakpak.com.tr\/wp-content\/uploads\/2024\/12\/kristal-gida-kabi-5.webp","datePublished":"2024-12-15T18:37:46+00:00","dateModified":"2024-12-15T19:18:56+00:00","description":"Crystal dessert containers stand out with their transparent design. Ideal option for presentation and storage for cafes, patisseries and catering companies.","breadcrumb":{"@id":"https:\/\/bakpak.com.tr\/en\/crystal-dessert-and-food-container\/#breadcrumb"},"inLanguage":"en-US","potentialAction":[{"@type":"ReadAction","target":["https:\/\/bakpak.com.tr\/en\/crystal-dessert-and-food-container\/"]}]},{"@type":"ImageObject","inLanguage":"en-US","@id":"https:\/\/bakpak.com.tr\/en\/crystal-dessert-and-food-container\/#primaryimage","url":"https:\/\/bakpak.com.tr\/wp-content\/uploads\/2024\/12\/kristal-gida-kabi-5.webp","contentUrl":"https:\/\/bakpak.com.tr\/wp-content\/uploads\/2024\/12\/kristal-gida-kabi-5.webp","width":1080,"height":1080,"caption":"Kristal Tatl\u0131 ve G\u0131da Kaplar\u0131"},{"@type":"BreadcrumbList","@id":"https:\/\/bakpak.com.tr\/en\/crystal-dessert-and-food-container\/#breadcrumb","itemListElement":[{"@type":"ListItem","position":1,"name":"Anasayfa","item":"https:\/\/bakpak.com.tr\/en\/home\/"},{"@type":"ListItem","position":2,"name":"Products","item":"https:\/\/bakpak.com.tr\/en\/products\/"},{"@type":"ListItem","position":3,"name":"Crystal Dessert and Food Container"}]},{"@type":"WebSite","@id":"https:\/\/bakpak.com.tr\/en\/#website","url":"https:\/\/bakpak.com.tr\/en\/","name":"BAKPAK Global","description":"Corporate Packaging Solutions","publisher":{"@id":"https:\/\/bakpak.com.tr\/en\/#organization"},"potentialAction":[{"@type":"SearchAction","target":{"@type":"EntryPoint","urlTemplate":"https:\/\/bakpak.com.tr\/en\/?s={search_term_string}"},"query-input":{"@type":"PropertyValueSpecification","valueRequired":true,"valueName":"search_term_string"}}],"inLanguage":"en-US"},{"@type":"Organization","@id":"https:\/\/bakpak.com.tr\/en\/#organization","name":"BAKPAK Global G\u0131da ve Tic. Ltd. \u015eti.","alternateName":"BAKPAK Global","url":"https:\/\/bakpak.com.tr\/en\/","logo":{"@type":"ImageObject","inLanguage":"en-US","@id":"https:\/\/bakpak.com.tr\/en\/#\/schema\/logo\/image\/","url":"https:\/\/bakpak.com.tr\/wp-content\/uploads\/2023\/09\/bakpak-global-logo-kare.png","contentUrl":"https:\/\/bakpak.com.tr\/wp-content\/uploads\/2023\/09\/bakpak-global-logo-kare.png","width":578,"height":579,"caption":"BAKPAK Global G\u0131da ve Tic. Ltd. \u015eti."},"image":{"@id":"https:\/\/bakpak.com.tr\/en\/#\/schema\/logo\/image\/"},"sameAs":["https:\/\/www.linkedin.com\/company\/bakpak-global\/"]}]}},"_links":{"self":[{"href":"https:\/\/bakpak.com.tr\/en\/wp-json\/wp\/v2\/product\/9034","targetHints":{"allow":["GET"]}}],"collection":[{"href":"https:\/\/bakpak.com.tr\/en\/wp-json\/wp\/v2\/product"}],"about":[{"href":"https:\/\/bakpak.com.tr\/en\/wp-json\/wp\/v2\/types\/product"}],"replies":[{"embeddable":true,"href":"https:\/\/bakpak.com.tr\/en\/wp-json\/wp\/v2\/comments?post=9034"}],"wp:featuredmedia":[{"embeddable":true,"href":"https:\/\/bakpak.com.tr\/en\/wp-json\/wp\/v2\/media\/9040"}],"wp:attachment":[{"href":"https:\/\/bakpak.com.tr\/en\/wp-json\/wp\/v2\/media?parent=9034"}],"wp:term":[{"taxonomy":"product_brand","embeddable":true,"href":"https:\/\/bakpak.com.tr\/en\/wp-json\/wp\/v2\/product_brand?post=9034"},{"taxonomy":"product_cat","embeddable":true,"href":"https:\/\/bakpak.com.tr\/en\/wp-json\/wp\/v2\/product_cat?post=9034"},{"taxonomy":"product_tag","embeddable":true,"href":"https:\/\/bakpak.com.tr\/en\/wp-json\/wp\/v2\/product_tag?post=9034"}],"curies":[{"name":"wp","href":"https:\/\/api.w.org\/{rel}","templated":true}]}}