{"id":9014,"date":"2024-12-14T18:51:48","date_gmt":"2024-12-14T15:51:48","guid":{"rendered":"https:\/\/bakpak.com.tr\/karakoy-gulluoglu-wooden-box\/"},"modified":"2024-12-14T19:09:42","modified_gmt":"2024-12-14T16:09:42","slug":"karakoy-gulluoglu-wooden-box","status":"publish","type":"product","link":"https:\/\/bakpak.com.tr\/en\/karakoy-gulluoglu-wooden-box\/","title":{"rendered":"Karak\u00f6y G\u00fcll\u00fco\u011flu Wooden Box"},"content":{"rendered":"","protected":false},"excerpt":{"rendered":"<p>We combine quality with aesthetics in wooden boxes specially developed for Karak\u00f6y G\u00fcll\u00fco\u011flu.<\/p>\n<p>These boxes stand out with their handcraftsmanship and durability. In addition to reflecting the premium values of your brand, it provides long-term storage by protecting your products.<\/p>\n<p>Interior lining that preserves freshness and quality, offers both a functional and stylish experience with its options.<\/p>\n<p>You can also leverage BAKPAK Global&#8217;s premium products for your brand, in different sizes and with customizable designs.<\/p>\n<p>Contact us for customized\u00a0 solutions for your brand!<\/p>\n","protected":false},"featured_media":9013,"comment_status":"closed","ping_status":"closed","template":"","meta":[],"product_brand":[],"product_cat":[87,152],"product_tag":[184,185,183],"class_list":{"0":"post-9014","1":"product","2":"type-product","3":"status-publish","4":"has-post-thumbnail","6":"product_cat-karakoy-gulluoglu-specials","7":"product_cat-wooden","8":"product_tag-karakoy-gulluoglu-ahsap-kutulari-en","9":"product_tag-karakoy-gulluoglu-packaging","10":"product_tag-karakoy-gulluoglu-wooden-boxes","12":"first","13":"instock","14":"shipping-taxable","15":"product-type-simple"},"yoast_head":"<!-- This site is optimized with the Yoast SEO plugin v27.3 - https:\/\/yoast.com\/product\/yoast-seo-wordpress\/ -->\n<title>Karak\u00f6y G\u00fcll\u00fco\u011flu Wooden Box | BAKPAK Global<\/title>\n<meta name=\"description\" content=\"Appeal both to the eye and palate with wooden boxes, the newest and most natural-looking product of our Karak\u00f6y G\u00fcll\u00fco\u011flu Series.\" \/>\n<meta name=\"robots\" content=\"index, follow, max-snippet:-1, max-image-preview:large, max-video-preview:-1\" \/>\n<link rel=\"canonical\" href=\"https:\/\/bakpak.com.tr\/en\/karakoy-gulluoglu-wooden-box\/\" \/>\n<meta property=\"og:locale\" content=\"en_US\" \/>\n<meta property=\"og:type\" content=\"article\" \/>\n<meta property=\"og:title\" content=\"Karak\u00f6y G\u00fcll\u00fco\u011flu Wooden Box | BAKPAK Global\" \/>\n<meta property=\"og:description\" content=\"Appeal both to the eye and palate with wooden boxes, the newest and most natural-looking product of our Karak\u00f6y G\u00fcll\u00fco\u011flu Series.\" \/>\n<meta property=\"og:url\" content=\"https:\/\/bakpak.com.tr\/en\/karakoy-gulluoglu-wooden-box\/\" \/>\n<meta property=\"og:site_name\" content=\"BAKPAK Global\" \/>\n<meta property=\"article:modified_time\" content=\"2024-12-14T16:09:42+00:00\" \/>\n<meta property=\"og:image\" content=\"https:\/\/bakpak.com.tr\/wp-content\/uploads\/2024\/12\/karakoy-gulluoglu-ahsap-kutu.webp\" \/>\n\t<meta property=\"og:image:width\" content=\"1500\" \/>\n\t<meta property=\"og:image:height\" content=\"950\" \/>\n\t<meta property=\"og:image:type\" content=\"image\/webp\" \/>\n<meta name=\"twitter:card\" content=\"summary_large_image\" \/>\n<meta name=\"twitter:label1\" content=\"Est. reading time\" \/>\n\t<meta name=\"twitter:data1\" content=\"1 minute\" \/>\n<script type=\"application\/ld+json\" class=\"yoast-schema-graph\">{\"@context\":\"https:\\\/\\\/schema.org\",\"@graph\":[{\"@type\":\"WebPage\",\"@id\":\"https:\\\/\\\/bakpak.com.tr\\\/en\\\/karakoy-gulluoglu-wooden-box\\\/\",\"url\":\"https:\\\/\\\/bakpak.com.tr\\\/en\\\/karakoy-gulluoglu-wooden-box\\\/\",\"name\":\"Karak\u00f6y G\u00fcll\u00fco\u011flu Wooden Box | BAKPAK Global\",\"isPartOf\":{\"@id\":\"https:\\\/\\\/bakpak.com.tr\\\/en\\\/#website\"},\"primaryImageOfPage\":{\"@id\":\"https:\\\/\\\/bakpak.com.tr\\\/en\\\/karakoy-gulluoglu-wooden-box\\\/#primaryimage\"},\"image\":{\"@id\":\"https:\\\/\\\/bakpak.com.tr\\\/en\\\/karakoy-gulluoglu-wooden-box\\\/#primaryimage\"},\"thumbnailUrl\":\"https:\\\/\\\/bakpak.com.tr\\\/wp-content\\\/uploads\\\/2024\\\/12\\\/karakoy-gulluoglu-ahsap-kutu.webp\",\"datePublished\":\"2024-12-14T15:51:48+00:00\",\"dateModified\":\"2024-12-14T16:09:42+00:00\",\"description\":\"Appeal both to the eye and palate with wooden boxes, the newest and most natural-looking product of our Karak\u00f6y G\u00fcll\u00fco\u011flu Series.\",\"breadcrumb\":{\"@id\":\"https:\\\/\\\/bakpak.com.tr\\\/en\\\/karakoy-gulluoglu-wooden-box\\\/#breadcrumb\"},\"inLanguage\":\"en-US\",\"potentialAction\":[{\"@type\":\"ReadAction\",\"target\":[\"https:\\\/\\\/bakpak.com.tr\\\/en\\\/karakoy-gulluoglu-wooden-box\\\/\"]}]},{\"@type\":\"ImageObject\",\"inLanguage\":\"en-US\",\"@id\":\"https:\\\/\\\/bakpak.com.tr\\\/en\\\/karakoy-gulluoglu-wooden-box\\\/#primaryimage\",\"url\":\"https:\\\/\\\/bakpak.com.tr\\\/wp-content\\\/uploads\\\/2024\\\/12\\\/karakoy-gulluoglu-ahsap-kutu.webp\",\"contentUrl\":\"https:\\\/\\\/bakpak.com.tr\\\/wp-content\\\/uploads\\\/2024\\\/12\\\/karakoy-gulluoglu-ahsap-kutu.webp\",\"width\":1500,\"height\":950,\"caption\":\"Karak\u00f6y G\u00fcll\u00fco\u011flu Wooden Box\"},{\"@type\":\"BreadcrumbList\",\"@id\":\"https:\\\/\\\/bakpak.com.tr\\\/en\\\/karakoy-gulluoglu-wooden-box\\\/#breadcrumb\",\"itemListElement\":[{\"@type\":\"ListItem\",\"position\":1,\"name\":\"Anasayfa\",\"item\":\"https:\\\/\\\/bakpak.com.tr\\\/en\\\/home\\\/\"},{\"@type\":\"ListItem\",\"position\":2,\"name\":\"Products\",\"item\":\"https:\\\/\\\/bakpak.com.tr\\\/en\\\/products\\\/\"},{\"@type\":\"ListItem\",\"position\":3,\"name\":\"Karak\u00f6y G\u00fcll\u00fco\u011flu Wooden Box\"}]},{\"@type\":\"WebSite\",\"@id\":\"https:\\\/\\\/bakpak.com.tr\\\/en\\\/#website\",\"url\":\"https:\\\/\\\/bakpak.com.tr\\\/en\\\/\",\"name\":\"BAKPAK Global\",\"description\":\"Corporate Packaging Solutions\",\"publisher\":{\"@id\":\"https:\\\/\\\/bakpak.com.tr\\\/en\\\/#organization\"},\"potentialAction\":[{\"@type\":\"SearchAction\",\"target\":{\"@type\":\"EntryPoint\",\"urlTemplate\":\"https:\\\/\\\/bakpak.com.tr\\\/en\\\/?s={search_term_string}\"},\"query-input\":{\"@type\":\"PropertyValueSpecification\",\"valueRequired\":true,\"valueName\":\"search_term_string\"}}],\"inLanguage\":\"en-US\"},{\"@type\":\"Organization\",\"@id\":\"https:\\\/\\\/bakpak.com.tr\\\/en\\\/#organization\",\"name\":\"BAKPAK Global G\u0131da ve Tic. Ltd. \u015eti.\",\"alternateName\":\"BAKPAK Global\",\"url\":\"https:\\\/\\\/bakpak.com.tr\\\/en\\\/\",\"logo\":{\"@type\":\"ImageObject\",\"inLanguage\":\"en-US\",\"@id\":\"https:\\\/\\\/bakpak.com.tr\\\/en\\\/#\\\/schema\\\/logo\\\/image\\\/\",\"url\":\"https:\\\/\\\/bakpak.com.tr\\\/wp-content\\\/uploads\\\/2023\\\/09\\\/bakpak-global-logo-kare.png\",\"contentUrl\":\"https:\\\/\\\/bakpak.com.tr\\\/wp-content\\\/uploads\\\/2023\\\/09\\\/bakpak-global-logo-kare.png\",\"width\":578,\"height\":579,\"caption\":\"BAKPAK Global G\u0131da ve Tic. Ltd. \u015eti.\"},\"image\":{\"@id\":\"https:\\\/\\\/bakpak.com.tr\\\/en\\\/#\\\/schema\\\/logo\\\/image\\\/\"},\"sameAs\":[\"https:\\\/\\\/www.linkedin.com\\\/company\\\/bakpak-global\\\/\"]}]}<\/script>\n<!-- \/ Yoast SEO plugin. -->","yoast_head_json":{"title":"Karak\u00f6y G\u00fcll\u00fco\u011flu Wooden Box | BAKPAK Global","description":"Appeal both to the eye and palate with wooden boxes, the newest and most natural-looking product of our Karak\u00f6y G\u00fcll\u00fco\u011flu Series.","robots":{"index":"index","follow":"follow","max-snippet":"max-snippet:-1","max-image-preview":"max-image-preview:large","max-video-preview":"max-video-preview:-1"},"canonical":"https:\/\/bakpak.com.tr\/en\/karakoy-gulluoglu-wooden-box\/","og_locale":"en_US","og_type":"article","og_title":"Karak\u00f6y G\u00fcll\u00fco\u011flu Wooden Box | BAKPAK Global","og_description":"Appeal both to the eye and palate with wooden boxes, the newest and most natural-looking product of our Karak\u00f6y G\u00fcll\u00fco\u011flu Series.","og_url":"https:\/\/bakpak.com.tr\/en\/karakoy-gulluoglu-wooden-box\/","og_site_name":"BAKPAK Global","article_modified_time":"2024-12-14T16:09:42+00:00","og_image":[{"width":1500,"height":950,"url":"https:\/\/bakpak.com.tr\/wp-content\/uploads\/2024\/12\/karakoy-gulluoglu-ahsap-kutu.webp","type":"image\/webp"}],"twitter_card":"summary_large_image","twitter_misc":{"Est. reading time":"1 minute"},"schema":{"@context":"https:\/\/schema.org","@graph":[{"@type":"WebPage","@id":"https:\/\/bakpak.com.tr\/en\/karakoy-gulluoglu-wooden-box\/","url":"https:\/\/bakpak.com.tr\/en\/karakoy-gulluoglu-wooden-box\/","name":"Karak\u00f6y G\u00fcll\u00fco\u011flu Wooden Box | BAKPAK Global","isPartOf":{"@id":"https:\/\/bakpak.com.tr\/en\/#website"},"primaryImageOfPage":{"@id":"https:\/\/bakpak.com.tr\/en\/karakoy-gulluoglu-wooden-box\/#primaryimage"},"image":{"@id":"https:\/\/bakpak.com.tr\/en\/karakoy-gulluoglu-wooden-box\/#primaryimage"},"thumbnailUrl":"https:\/\/bakpak.com.tr\/wp-content\/uploads\/2024\/12\/karakoy-gulluoglu-ahsap-kutu.webp","datePublished":"2024-12-14T15:51:48+00:00","dateModified":"2024-12-14T16:09:42+00:00","description":"Appeal both to the eye and palate with wooden boxes, the newest and most natural-looking product of our Karak\u00f6y G\u00fcll\u00fco\u011flu Series.","breadcrumb":{"@id":"https:\/\/bakpak.com.tr\/en\/karakoy-gulluoglu-wooden-box\/#breadcrumb"},"inLanguage":"en-US","potentialAction":[{"@type":"ReadAction","target":["https:\/\/bakpak.com.tr\/en\/karakoy-gulluoglu-wooden-box\/"]}]},{"@type":"ImageObject","inLanguage":"en-US","@id":"https:\/\/bakpak.com.tr\/en\/karakoy-gulluoglu-wooden-box\/#primaryimage","url":"https:\/\/bakpak.com.tr\/wp-content\/uploads\/2024\/12\/karakoy-gulluoglu-ahsap-kutu.webp","contentUrl":"https:\/\/bakpak.com.tr\/wp-content\/uploads\/2024\/12\/karakoy-gulluoglu-ahsap-kutu.webp","width":1500,"height":950,"caption":"Karak\u00f6y G\u00fcll\u00fco\u011flu Wooden Box"},{"@type":"BreadcrumbList","@id":"https:\/\/bakpak.com.tr\/en\/karakoy-gulluoglu-wooden-box\/#breadcrumb","itemListElement":[{"@type":"ListItem","position":1,"name":"Anasayfa","item":"https:\/\/bakpak.com.tr\/en\/home\/"},{"@type":"ListItem","position":2,"name":"Products","item":"https:\/\/bakpak.com.tr\/en\/products\/"},{"@type":"ListItem","position":3,"name":"Karak\u00f6y G\u00fcll\u00fco\u011flu Wooden Box"}]},{"@type":"WebSite","@id":"https:\/\/bakpak.com.tr\/en\/#website","url":"https:\/\/bakpak.com.tr\/en\/","name":"BAKPAK Global","description":"Corporate Packaging Solutions","publisher":{"@id":"https:\/\/bakpak.com.tr\/en\/#organization"},"potentialAction":[{"@type":"SearchAction","target":{"@type":"EntryPoint","urlTemplate":"https:\/\/bakpak.com.tr\/en\/?s={search_term_string}"},"query-input":{"@type":"PropertyValueSpecification","valueRequired":true,"valueName":"search_term_string"}}],"inLanguage":"en-US"},{"@type":"Organization","@id":"https:\/\/bakpak.com.tr\/en\/#organization","name":"BAKPAK Global G\u0131da ve Tic. Ltd. \u015eti.","alternateName":"BAKPAK Global","url":"https:\/\/bakpak.com.tr\/en\/","logo":{"@type":"ImageObject","inLanguage":"en-US","@id":"https:\/\/bakpak.com.tr\/en\/#\/schema\/logo\/image\/","url":"https:\/\/bakpak.com.tr\/wp-content\/uploads\/2023\/09\/bakpak-global-logo-kare.png","contentUrl":"https:\/\/bakpak.com.tr\/wp-content\/uploads\/2023\/09\/bakpak-global-logo-kare.png","width":578,"height":579,"caption":"BAKPAK Global G\u0131da ve Tic. Ltd. \u015eti."},"image":{"@id":"https:\/\/bakpak.com.tr\/en\/#\/schema\/logo\/image\/"},"sameAs":["https:\/\/www.linkedin.com\/company\/bakpak-global\/"]}]}},"_links":{"self":[{"href":"https:\/\/bakpak.com.tr\/en\/wp-json\/wp\/v2\/product\/9014","targetHints":{"allow":["GET"]}}],"collection":[{"href":"https:\/\/bakpak.com.tr\/en\/wp-json\/wp\/v2\/product"}],"about":[{"href":"https:\/\/bakpak.com.tr\/en\/wp-json\/wp\/v2\/types\/product"}],"replies":[{"embeddable":true,"href":"https:\/\/bakpak.com.tr\/en\/wp-json\/wp\/v2\/comments?post=9014"}],"wp:featuredmedia":[{"embeddable":true,"href":"https:\/\/bakpak.com.tr\/en\/wp-json\/wp\/v2\/media\/9013"}],"wp:attachment":[{"href":"https:\/\/bakpak.com.tr\/en\/wp-json\/wp\/v2\/media?parent=9014"}],"wp:term":[{"taxonomy":"product_brand","embeddable":true,"href":"https:\/\/bakpak.com.tr\/en\/wp-json\/wp\/v2\/product_brand?post=9014"},{"taxonomy":"product_cat","embeddable":true,"href":"https:\/\/bakpak.com.tr\/en\/wp-json\/wp\/v2\/product_cat?post=9014"},{"taxonomy":"product_tag","embeddable":true,"href":"https:\/\/bakpak.com.tr\/en\/wp-json\/wp\/v2\/product_tag?post=9014"}],"curies":[{"name":"wp","href":"https:\/\/api.w.org\/{rel}","templated":true}]}}