{"id":7889,"date":"2023-10-12T23:07:15","date_gmt":"2023-10-12T20:07:15","guid":{"rendered":"https:\/\/bakpak.com.tr\/products\/karakoy-gulluoglu-metal-turkish-delight-box\/"},"modified":"2023-10-12T23:07:15","modified_gmt":"2023-10-12T20:07:15","slug":"karakoy-gulluoglu-metal-lokum-box","status":"publish","type":"product","link":"https:\/\/bakpak.com.tr\/en\/karakoy-gulluoglu-metal-lokum-box\/","title":{"rendered":"Karak\u00f6y G\u00fcll\u00fco\u011flu Metal Turkish Delight Box"},"content":{"rendered":"<p>In addition to WCA, SEDEX, ISO 9001 certifications, it also holds ISO 22000 and food compliance certifications required for the food industry.<\/p>\n<p>Made of high quality material and carefully processed, our metal Turkish delight boxes provide durability and an aesthetic presentation.<\/p>\n","protected":false},"excerpt":{"rendered":"<p>BAKPAK Global&#8217;s metal Turkish delight boxes have been preferred by the famous and leading companies in T\u00fcrkiye such as Karak\u00f6y G\u00fcll\u00fco\u011flu &amp; Nadir G\u00fcll\u00fc for many years.<\/p>\n<p>Our metal Turkish delight boxes are a great solution to keep them fresh and delicious. <\/p>\n<p>High quality metal material ensures durability and longevity. <\/p>\n<p>With its aesthetic and elegant design, our metal Turkish delight boxes allow you to present your products in an eye-catching way. <\/p>\n","protected":false},"featured_media":7698,"comment_status":"closed","ping_status":"closed","template":"","meta":[],"product_brand":[],"product_cat":[87,111],"product_tag":[],"class_list":{"0":"post-7889","1":"product","2":"type-product","3":"status-publish","4":"has-post-thumbnail","6":"product_cat-karakoy-gulluoglu-specials","7":"product_cat-metal-box","9":"first","10":"instock","11":"product-type-simple"},"yoast_head":"<!-- This site is optimized with the Yoast SEO plugin v27.3 - https:\/\/yoast.com\/product\/yoast-seo-wordpress\/ -->\n<title>Karak\u00f6y G\u00fcll\u00fco\u011flu Metal Turkish Delight Box | BAKPAK Global<\/title>\n<meta name=\"robots\" content=\"index, follow, max-snippet:-1, max-image-preview:large, max-video-preview:-1\" \/>\n<link rel=\"canonical\" href=\"https:\/\/bakpak.com.tr\/en\/karakoy-gulluoglu-metal-lokum-box\/\" \/>\n<meta property=\"og:locale\" content=\"en_US\" \/>\n<meta property=\"og:type\" content=\"article\" \/>\n<meta property=\"og:title\" content=\"Karak\u00f6y G\u00fcll\u00fco\u011flu Metal Turkish Delight Box | BAKPAK Global\" \/>\n<meta property=\"og:description\" content=\"BAKPAK Global&#039;s metal Turkish delight boxes have been preferred by the famous and leading companies in T\u00fcrkiye such as Karak\u00f6y G\u00fcll\u00fco\u011flu &amp; Nadir G\u00fcll\u00fc for many years.Our metal Turkish delight boxes are a great solution to keep them fresh and delicious. High quality metal material ensures durability and longevity. With its aesthetic and elegant design, our metal Turkish delight boxes allow you to present your products in an eye-catching way.\" \/>\n<meta property=\"og:url\" content=\"https:\/\/bakpak.com.tr\/en\/karakoy-gulluoglu-metal-lokum-box\/\" \/>\n<meta property=\"og:site_name\" content=\"BAKPAK Global\" \/>\n<meta property=\"og:image\" content=\"https:\/\/bakpak.com.tr\/wp-content\/uploads\/2023\/10\/karakoy-gulluoglu-metal-baklava-kutusu-4.jpg\" \/>\n\t<meta property=\"og:image:width\" content=\"800\" \/>\n\t<meta property=\"og:image:height\" content=\"800\" \/>\n\t<meta property=\"og:image:type\" content=\"image\/jpeg\" \/>\n<meta name=\"twitter:card\" content=\"summary_large_image\" \/>\n<script type=\"application\/ld+json\" class=\"yoast-schema-graph\">{\"@context\":\"https:\\\/\\\/schema.org\",\"@graph\":[{\"@type\":\"WebPage\",\"@id\":\"https:\\\/\\\/bakpak.com.tr\\\/en\\\/karakoy-gulluoglu-metal-lokum-box\\\/\",\"url\":\"https:\\\/\\\/bakpak.com.tr\\\/en\\\/karakoy-gulluoglu-metal-lokum-box\\\/\",\"name\":\"Karak\u00f6y G\u00fcll\u00fco\u011flu Metal Turkish Delight Box | BAKPAK Global\",\"isPartOf\":{\"@id\":\"https:\\\/\\\/bakpak.com.tr\\\/en\\\/#website\"},\"primaryImageOfPage\":{\"@id\":\"https:\\\/\\\/bakpak.com.tr\\\/en\\\/karakoy-gulluoglu-metal-lokum-box\\\/#primaryimage\"},\"image\":{\"@id\":\"https:\\\/\\\/bakpak.com.tr\\\/en\\\/karakoy-gulluoglu-metal-lokum-box\\\/#primaryimage\"},\"thumbnailUrl\":\"https:\\\/\\\/bakpak.com.tr\\\/wp-content\\\/uploads\\\/2023\\\/10\\\/karakoy-gulluoglu-metal-baklava-kutusu-4.jpg\",\"datePublished\":\"2023-10-12T20:07:15+00:00\",\"breadcrumb\":{\"@id\":\"https:\\\/\\\/bakpak.com.tr\\\/en\\\/karakoy-gulluoglu-metal-lokum-box\\\/#breadcrumb\"},\"inLanguage\":\"en-US\",\"potentialAction\":[{\"@type\":\"ReadAction\",\"target\":[\"https:\\\/\\\/bakpak.com.tr\\\/en\\\/karakoy-gulluoglu-metal-lokum-box\\\/\"]}]},{\"@type\":\"ImageObject\",\"inLanguage\":\"en-US\",\"@id\":\"https:\\\/\\\/bakpak.com.tr\\\/en\\\/karakoy-gulluoglu-metal-lokum-box\\\/#primaryimage\",\"url\":\"https:\\\/\\\/bakpak.com.tr\\\/wp-content\\\/uploads\\\/2023\\\/10\\\/karakoy-gulluoglu-metal-baklava-kutusu-4.jpg\",\"contentUrl\":\"https:\\\/\\\/bakpak.com.tr\\\/wp-content\\\/uploads\\\/2023\\\/10\\\/karakoy-gulluoglu-metal-baklava-kutusu-4.jpg\",\"width\":800,\"height\":800,\"caption\":\"karakoy-gulluoglu-metal-baklava-box\"},{\"@type\":\"BreadcrumbList\",\"@id\":\"https:\\\/\\\/bakpak.com.tr\\\/en\\\/karakoy-gulluoglu-metal-lokum-box\\\/#breadcrumb\",\"itemListElement\":[{\"@type\":\"ListItem\",\"position\":1,\"name\":\"Anasayfa\",\"item\":\"https:\\\/\\\/bakpak.com.tr\\\/en\\\/home\\\/\"},{\"@type\":\"ListItem\",\"position\":2,\"name\":\"Products\",\"item\":\"https:\\\/\\\/bakpak.com.tr\\\/en\\\/products\\\/\"},{\"@type\":\"ListItem\",\"position\":3,\"name\":\"Karak\u00f6y G\u00fcll\u00fco\u011flu Metal Turkish Delight Box\"}]},{\"@type\":\"WebSite\",\"@id\":\"https:\\\/\\\/bakpak.com.tr\\\/en\\\/#website\",\"url\":\"https:\\\/\\\/bakpak.com.tr\\\/en\\\/\",\"name\":\"BAKPAK Global\",\"description\":\"Corporate Packaging Solutions\",\"publisher\":{\"@id\":\"https:\\\/\\\/bakpak.com.tr\\\/en\\\/#organization\"},\"potentialAction\":[{\"@type\":\"SearchAction\",\"target\":{\"@type\":\"EntryPoint\",\"urlTemplate\":\"https:\\\/\\\/bakpak.com.tr\\\/en\\\/?s={search_term_string}\"},\"query-input\":{\"@type\":\"PropertyValueSpecification\",\"valueRequired\":true,\"valueName\":\"search_term_string\"}}],\"inLanguage\":\"en-US\"},{\"@type\":\"Organization\",\"@id\":\"https:\\\/\\\/bakpak.com.tr\\\/en\\\/#organization\",\"name\":\"BAKPAK Global G\u0131da ve Tic. Ltd. \u015eti.\",\"alternateName\":\"BAKPAK Global\",\"url\":\"https:\\\/\\\/bakpak.com.tr\\\/en\\\/\",\"logo\":{\"@type\":\"ImageObject\",\"inLanguage\":\"en-US\",\"@id\":\"https:\\\/\\\/bakpak.com.tr\\\/en\\\/#\\\/schema\\\/logo\\\/image\\\/\",\"url\":\"https:\\\/\\\/bakpak.com.tr\\\/wp-content\\\/uploads\\\/2023\\\/09\\\/bakpak-global-logo-kare.png\",\"contentUrl\":\"https:\\\/\\\/bakpak.com.tr\\\/wp-content\\\/uploads\\\/2023\\\/09\\\/bakpak-global-logo-kare.png\",\"width\":578,\"height\":579,\"caption\":\"BAKPAK Global G\u0131da ve Tic. Ltd. \u015eti.\"},\"image\":{\"@id\":\"https:\\\/\\\/bakpak.com.tr\\\/en\\\/#\\\/schema\\\/logo\\\/image\\\/\"},\"sameAs\":[\"https:\\\/\\\/www.linkedin.com\\\/company\\\/bakpak-global\\\/\"]}]}<\/script>\n<!-- \/ Yoast SEO plugin. -->","yoast_head_json":{"title":"Karak\u00f6y G\u00fcll\u00fco\u011flu Metal Turkish Delight Box | BAKPAK Global","robots":{"index":"index","follow":"follow","max-snippet":"max-snippet:-1","max-image-preview":"max-image-preview:large","max-video-preview":"max-video-preview:-1"},"canonical":"https:\/\/bakpak.com.tr\/en\/karakoy-gulluoglu-metal-lokum-box\/","og_locale":"en_US","og_type":"article","og_title":"Karak\u00f6y G\u00fcll\u00fco\u011flu Metal Turkish Delight Box | BAKPAK Global","og_description":"BAKPAK Global's metal Turkish delight boxes have been preferred by the famous and leading companies in T\u00fcrkiye such as Karak\u00f6y G\u00fcll\u00fco\u011flu &amp; Nadir G\u00fcll\u00fc for many years.Our metal Turkish delight boxes are a great solution to keep them fresh and delicious. High quality metal material ensures durability and longevity. With its aesthetic and elegant design, our metal Turkish delight boxes allow you to present your products in an eye-catching way.","og_url":"https:\/\/bakpak.com.tr\/en\/karakoy-gulluoglu-metal-lokum-box\/","og_site_name":"BAKPAK Global","og_image":[{"width":800,"height":800,"url":"https:\/\/bakpak.com.tr\/wp-content\/uploads\/2023\/10\/karakoy-gulluoglu-metal-baklava-kutusu-4.jpg","type":"image\/jpeg"}],"twitter_card":"summary_large_image","schema":{"@context":"https:\/\/schema.org","@graph":[{"@type":"WebPage","@id":"https:\/\/bakpak.com.tr\/en\/karakoy-gulluoglu-metal-lokum-box\/","url":"https:\/\/bakpak.com.tr\/en\/karakoy-gulluoglu-metal-lokum-box\/","name":"Karak\u00f6y G\u00fcll\u00fco\u011flu Metal Turkish Delight Box | BAKPAK Global","isPartOf":{"@id":"https:\/\/bakpak.com.tr\/en\/#website"},"primaryImageOfPage":{"@id":"https:\/\/bakpak.com.tr\/en\/karakoy-gulluoglu-metal-lokum-box\/#primaryimage"},"image":{"@id":"https:\/\/bakpak.com.tr\/en\/karakoy-gulluoglu-metal-lokum-box\/#primaryimage"},"thumbnailUrl":"https:\/\/bakpak.com.tr\/wp-content\/uploads\/2023\/10\/karakoy-gulluoglu-metal-baklava-kutusu-4.jpg","datePublished":"2023-10-12T20:07:15+00:00","breadcrumb":{"@id":"https:\/\/bakpak.com.tr\/en\/karakoy-gulluoglu-metal-lokum-box\/#breadcrumb"},"inLanguage":"en-US","potentialAction":[{"@type":"ReadAction","target":["https:\/\/bakpak.com.tr\/en\/karakoy-gulluoglu-metal-lokum-box\/"]}]},{"@type":"ImageObject","inLanguage":"en-US","@id":"https:\/\/bakpak.com.tr\/en\/karakoy-gulluoglu-metal-lokum-box\/#primaryimage","url":"https:\/\/bakpak.com.tr\/wp-content\/uploads\/2023\/10\/karakoy-gulluoglu-metal-baklava-kutusu-4.jpg","contentUrl":"https:\/\/bakpak.com.tr\/wp-content\/uploads\/2023\/10\/karakoy-gulluoglu-metal-baklava-kutusu-4.jpg","width":800,"height":800,"caption":"karakoy-gulluoglu-metal-baklava-box"},{"@type":"BreadcrumbList","@id":"https:\/\/bakpak.com.tr\/en\/karakoy-gulluoglu-metal-lokum-box\/#breadcrumb","itemListElement":[{"@type":"ListItem","position":1,"name":"Anasayfa","item":"https:\/\/bakpak.com.tr\/en\/home\/"},{"@type":"ListItem","position":2,"name":"Products","item":"https:\/\/bakpak.com.tr\/en\/products\/"},{"@type":"ListItem","position":3,"name":"Karak\u00f6y G\u00fcll\u00fco\u011flu Metal Turkish Delight Box"}]},{"@type":"WebSite","@id":"https:\/\/bakpak.com.tr\/en\/#website","url":"https:\/\/bakpak.com.tr\/en\/","name":"BAKPAK Global","description":"Corporate Packaging Solutions","publisher":{"@id":"https:\/\/bakpak.com.tr\/en\/#organization"},"potentialAction":[{"@type":"SearchAction","target":{"@type":"EntryPoint","urlTemplate":"https:\/\/bakpak.com.tr\/en\/?s={search_term_string}"},"query-input":{"@type":"PropertyValueSpecification","valueRequired":true,"valueName":"search_term_string"}}],"inLanguage":"en-US"},{"@type":"Organization","@id":"https:\/\/bakpak.com.tr\/en\/#organization","name":"BAKPAK Global G\u0131da ve Tic. Ltd. \u015eti.","alternateName":"BAKPAK Global","url":"https:\/\/bakpak.com.tr\/en\/","logo":{"@type":"ImageObject","inLanguage":"en-US","@id":"https:\/\/bakpak.com.tr\/en\/#\/schema\/logo\/image\/","url":"https:\/\/bakpak.com.tr\/wp-content\/uploads\/2023\/09\/bakpak-global-logo-kare.png","contentUrl":"https:\/\/bakpak.com.tr\/wp-content\/uploads\/2023\/09\/bakpak-global-logo-kare.png","width":578,"height":579,"caption":"BAKPAK Global G\u0131da ve Tic. Ltd. \u015eti."},"image":{"@id":"https:\/\/bakpak.com.tr\/en\/#\/schema\/logo\/image\/"},"sameAs":["https:\/\/www.linkedin.com\/company\/bakpak-global\/"]}]}},"_links":{"self":[{"href":"https:\/\/bakpak.com.tr\/en\/wp-json\/wp\/v2\/product\/7889","targetHints":{"allow":["GET"]}}],"collection":[{"href":"https:\/\/bakpak.com.tr\/en\/wp-json\/wp\/v2\/product"}],"about":[{"href":"https:\/\/bakpak.com.tr\/en\/wp-json\/wp\/v2\/types\/product"}],"replies":[{"embeddable":true,"href":"https:\/\/bakpak.com.tr\/en\/wp-json\/wp\/v2\/comments?post=7889"}],"wp:featuredmedia":[{"embeddable":true,"href":"https:\/\/bakpak.com.tr\/en\/wp-json\/wp\/v2\/media\/7698"}],"wp:attachment":[{"href":"https:\/\/bakpak.com.tr\/en\/wp-json\/wp\/v2\/media?parent=7889"}],"wp:term":[{"taxonomy":"product_brand","embeddable":true,"href":"https:\/\/bakpak.com.tr\/en\/wp-json\/wp\/v2\/product_brand?post=7889"},{"taxonomy":"product_cat","embeddable":true,"href":"https:\/\/bakpak.com.tr\/en\/wp-json\/wp\/v2\/product_cat?post=7889"},{"taxonomy":"product_tag","embeddable":true,"href":"https:\/\/bakpak.com.tr\/en\/wp-json\/wp\/v2\/product_tag?post=7889"}],"curies":[{"name":"wp","href":"https:\/\/api.w.org\/{rel}","templated":true}]}}