{"id":7888,"date":"2023-10-16T21:43:07","date_gmt":"2023-10-16T18:43:07","guid":{"rendered":"https:\/\/bakpak.com.tr\/products\/karakoy-gulluoglu-luxury-rigid-boxes\/"},"modified":"2023-10-16T21:43:07","modified_gmt":"2023-10-16T18:43:07","slug":"karakoy-gulluoglu-rigid-box","status":"publish","type":"product","link":"https:\/\/bakpak.com.tr\/en\/karakoy-gulluoglu-rigid-box\/","title":{"rendered":"Karak\u00f6y G\u00fcll\u00fco\u011flu Luxury Rigid Boxes"},"content":{"rendered":"<p>Special applications such as special prints, gilding, embossing can be made for your brand.<\/p>\n","protected":false},"excerpt":{"rendered":"<p>Rigid boxes are generally preferred for the stylish presentation of high-end product groups. <\/p>\n<p>BAKPAK Global&#8217;s quality rigid boxes have been preferred by Karak\u00f6y G\u00fcll\u00fco\u011flu for many years.<\/p>\n<p>Rigid boxes add extra value to the product kept inside and allow customers to keep them for many years. <\/p>\n<p>It can be used in special product promotions. <\/p>\n","protected":false},"featured_media":7712,"comment_status":"closed","ping_status":"closed","template":"","meta":[],"product_brand":[],"product_cat":[112,113,87],"product_tag":[],"class_list":{"0":"post-7888","1":"product","2":"type-product","3":"status-publish","4":"has-post-thumbnail","6":"product_cat-cardboard-rigid","7":"product_cat-cardboard-box","8":"product_cat-karakoy-gulluoglu-specials","10":"first","11":"instock","12":"product-type-simple"},"yoast_head":"<!-- This site is optimized with the Yoast SEO plugin v27.3 - https:\/\/yoast.com\/product\/yoast-seo-wordpress\/ -->\n<title>Karak\u00f6y G\u00fcll\u00fco\u011flu Luxury Rigid Boxes | BAKPAK Global<\/title>\n<meta name=\"description\" content=\"Rigid box is a durable and stylish product, especially preferred for luxury product groups. It prevents damage thanks to its durable structure.\" \/>\n<meta name=\"robots\" content=\"index, follow, max-snippet:-1, max-image-preview:large, max-video-preview:-1\" \/>\n<link rel=\"canonical\" href=\"https:\/\/bakpak.com.tr\/en\/karakoy-gulluoglu-rigid-box\/\" \/>\n<meta property=\"og:locale\" content=\"en_US\" \/>\n<meta property=\"og:type\" content=\"article\" \/>\n<meta property=\"og:title\" content=\"Karak\u00f6y G\u00fcll\u00fco\u011flu Luxury Rigid Boxes | BAKPAK Global\" \/>\n<meta property=\"og:description\" content=\"Rigid box is a durable and stylish product, especially preferred for luxury product groups. It prevents damage thanks to its durable structure.\" \/>\n<meta property=\"og:url\" content=\"https:\/\/bakpak.com.tr\/en\/karakoy-gulluoglu-rigid-box\/\" \/>\n<meta property=\"og:site_name\" content=\"BAKPAK Global\" \/>\n<meta property=\"og:image\" content=\"https:\/\/bakpak.com.tr\/wp-content\/uploads\/2023\/10\/karakoy-gulluoglu-baklava-kutusu.jpg\" \/>\n\t<meta property=\"og:image:width\" content=\"1000\" \/>\n\t<meta property=\"og:image:height\" content=\"1000\" \/>\n\t<meta property=\"og:image:type\" content=\"image\/jpeg\" \/>\n<meta name=\"twitter:card\" content=\"summary_large_image\" \/>\n<script type=\"application\/ld+json\" class=\"yoast-schema-graph\">{\"@context\":\"https:\\\/\\\/schema.org\",\"@graph\":[{\"@type\":\"WebPage\",\"@id\":\"https:\\\/\\\/bakpak.com.tr\\\/en\\\/karakoy-gulluoglu-rigid-box\\\/\",\"url\":\"https:\\\/\\\/bakpak.com.tr\\\/en\\\/karakoy-gulluoglu-rigid-box\\\/\",\"name\":\"Karak\u00f6y G\u00fcll\u00fco\u011flu Luxury Rigid Boxes | BAKPAK Global\",\"isPartOf\":{\"@id\":\"https:\\\/\\\/bakpak.com.tr\\\/en\\\/#website\"},\"primaryImageOfPage\":{\"@id\":\"https:\\\/\\\/bakpak.com.tr\\\/en\\\/karakoy-gulluoglu-rigid-box\\\/#primaryimage\"},\"image\":{\"@id\":\"https:\\\/\\\/bakpak.com.tr\\\/en\\\/karakoy-gulluoglu-rigid-box\\\/#primaryimage\"},\"thumbnailUrl\":\"https:\\\/\\\/bakpak.com.tr\\\/wp-content\\\/uploads\\\/2023\\\/10\\\/karakoy-gulluoglu-baklava-kutusu.jpg\",\"datePublished\":\"2023-10-16T18:43:07+00:00\",\"description\":\"Rigid box is a durable and stylish product, especially preferred for luxury product groups. It prevents damage thanks to its durable structure.\",\"breadcrumb\":{\"@id\":\"https:\\\/\\\/bakpak.com.tr\\\/en\\\/karakoy-gulluoglu-rigid-box\\\/#breadcrumb\"},\"inLanguage\":\"en-US\",\"potentialAction\":[{\"@type\":\"ReadAction\",\"target\":[\"https:\\\/\\\/bakpak.com.tr\\\/en\\\/karakoy-gulluoglu-rigid-box\\\/\"]}]},{\"@type\":\"ImageObject\",\"inLanguage\":\"en-US\",\"@id\":\"https:\\\/\\\/bakpak.com.tr\\\/en\\\/karakoy-gulluoglu-rigid-box\\\/#primaryimage\",\"url\":\"https:\\\/\\\/bakpak.com.tr\\\/wp-content\\\/uploads\\\/2023\\\/10\\\/karakoy-gulluoglu-baklava-kutusu.jpg\",\"contentUrl\":\"https:\\\/\\\/bakpak.com.tr\\\/wp-content\\\/uploads\\\/2023\\\/10\\\/karakoy-gulluoglu-baklava-kutusu.jpg\",\"width\":1000,\"height\":1000},{\"@type\":\"BreadcrumbList\",\"@id\":\"https:\\\/\\\/bakpak.com.tr\\\/en\\\/karakoy-gulluoglu-rigid-box\\\/#breadcrumb\",\"itemListElement\":[{\"@type\":\"ListItem\",\"position\":1,\"name\":\"Anasayfa\",\"item\":\"https:\\\/\\\/bakpak.com.tr\\\/en\\\/home\\\/\"},{\"@type\":\"ListItem\",\"position\":2,\"name\":\"Products\",\"item\":\"https:\\\/\\\/bakpak.com.tr\\\/en\\\/products\\\/\"},{\"@type\":\"ListItem\",\"position\":3,\"name\":\"Karak\u00f6y G\u00fcll\u00fco\u011flu Luxury Rigid Boxes\"}]},{\"@type\":\"WebSite\",\"@id\":\"https:\\\/\\\/bakpak.com.tr\\\/en\\\/#website\",\"url\":\"https:\\\/\\\/bakpak.com.tr\\\/en\\\/\",\"name\":\"BAKPAK Global\",\"description\":\"Corporate Packaging Solutions\",\"publisher\":{\"@id\":\"https:\\\/\\\/bakpak.com.tr\\\/en\\\/#organization\"},\"potentialAction\":[{\"@type\":\"SearchAction\",\"target\":{\"@type\":\"EntryPoint\",\"urlTemplate\":\"https:\\\/\\\/bakpak.com.tr\\\/en\\\/?s={search_term_string}\"},\"query-input\":{\"@type\":\"PropertyValueSpecification\",\"valueRequired\":true,\"valueName\":\"search_term_string\"}}],\"inLanguage\":\"en-US\"},{\"@type\":\"Organization\",\"@id\":\"https:\\\/\\\/bakpak.com.tr\\\/en\\\/#organization\",\"name\":\"BAKPAK Global G\u0131da ve Tic. Ltd. \u015eti.\",\"alternateName\":\"BAKPAK Global\",\"url\":\"https:\\\/\\\/bakpak.com.tr\\\/en\\\/\",\"logo\":{\"@type\":\"ImageObject\",\"inLanguage\":\"en-US\",\"@id\":\"https:\\\/\\\/bakpak.com.tr\\\/en\\\/#\\\/schema\\\/logo\\\/image\\\/\",\"url\":\"https:\\\/\\\/bakpak.com.tr\\\/wp-content\\\/uploads\\\/2023\\\/09\\\/bakpak-global-logo-kare.png\",\"contentUrl\":\"https:\\\/\\\/bakpak.com.tr\\\/wp-content\\\/uploads\\\/2023\\\/09\\\/bakpak-global-logo-kare.png\",\"width\":578,\"height\":579,\"caption\":\"BAKPAK Global G\u0131da ve Tic. Ltd. \u015eti.\"},\"image\":{\"@id\":\"https:\\\/\\\/bakpak.com.tr\\\/en\\\/#\\\/schema\\\/logo\\\/image\\\/\"},\"sameAs\":[\"https:\\\/\\\/www.linkedin.com\\\/company\\\/bakpak-global\\\/\"]}]}<\/script>\n<!-- \/ Yoast SEO plugin. -->","yoast_head_json":{"title":"Karak\u00f6y G\u00fcll\u00fco\u011flu Luxury Rigid Boxes | BAKPAK Global","description":"Rigid box is a durable and stylish product, especially preferred for luxury product groups. It prevents damage thanks to its durable structure.","robots":{"index":"index","follow":"follow","max-snippet":"max-snippet:-1","max-image-preview":"max-image-preview:large","max-video-preview":"max-video-preview:-1"},"canonical":"https:\/\/bakpak.com.tr\/en\/karakoy-gulluoglu-rigid-box\/","og_locale":"en_US","og_type":"article","og_title":"Karak\u00f6y G\u00fcll\u00fco\u011flu Luxury Rigid Boxes | BAKPAK Global","og_description":"Rigid box is a durable and stylish product, especially preferred for luxury product groups. It prevents damage thanks to its durable structure.","og_url":"https:\/\/bakpak.com.tr\/en\/karakoy-gulluoglu-rigid-box\/","og_site_name":"BAKPAK Global","og_image":[{"width":1000,"height":1000,"url":"https:\/\/bakpak.com.tr\/wp-content\/uploads\/2023\/10\/karakoy-gulluoglu-baklava-kutusu.jpg","type":"image\/jpeg"}],"twitter_card":"summary_large_image","schema":{"@context":"https:\/\/schema.org","@graph":[{"@type":"WebPage","@id":"https:\/\/bakpak.com.tr\/en\/karakoy-gulluoglu-rigid-box\/","url":"https:\/\/bakpak.com.tr\/en\/karakoy-gulluoglu-rigid-box\/","name":"Karak\u00f6y G\u00fcll\u00fco\u011flu Luxury Rigid Boxes | BAKPAK Global","isPartOf":{"@id":"https:\/\/bakpak.com.tr\/en\/#website"},"primaryImageOfPage":{"@id":"https:\/\/bakpak.com.tr\/en\/karakoy-gulluoglu-rigid-box\/#primaryimage"},"image":{"@id":"https:\/\/bakpak.com.tr\/en\/karakoy-gulluoglu-rigid-box\/#primaryimage"},"thumbnailUrl":"https:\/\/bakpak.com.tr\/wp-content\/uploads\/2023\/10\/karakoy-gulluoglu-baklava-kutusu.jpg","datePublished":"2023-10-16T18:43:07+00:00","description":"Rigid box is a durable and stylish product, especially preferred for luxury product groups. It prevents damage thanks to its durable structure.","breadcrumb":{"@id":"https:\/\/bakpak.com.tr\/en\/karakoy-gulluoglu-rigid-box\/#breadcrumb"},"inLanguage":"en-US","potentialAction":[{"@type":"ReadAction","target":["https:\/\/bakpak.com.tr\/en\/karakoy-gulluoglu-rigid-box\/"]}]},{"@type":"ImageObject","inLanguage":"en-US","@id":"https:\/\/bakpak.com.tr\/en\/karakoy-gulluoglu-rigid-box\/#primaryimage","url":"https:\/\/bakpak.com.tr\/wp-content\/uploads\/2023\/10\/karakoy-gulluoglu-baklava-kutusu.jpg","contentUrl":"https:\/\/bakpak.com.tr\/wp-content\/uploads\/2023\/10\/karakoy-gulluoglu-baklava-kutusu.jpg","width":1000,"height":1000},{"@type":"BreadcrumbList","@id":"https:\/\/bakpak.com.tr\/en\/karakoy-gulluoglu-rigid-box\/#breadcrumb","itemListElement":[{"@type":"ListItem","position":1,"name":"Anasayfa","item":"https:\/\/bakpak.com.tr\/en\/home\/"},{"@type":"ListItem","position":2,"name":"Products","item":"https:\/\/bakpak.com.tr\/en\/products\/"},{"@type":"ListItem","position":3,"name":"Karak\u00f6y G\u00fcll\u00fco\u011flu Luxury Rigid Boxes"}]},{"@type":"WebSite","@id":"https:\/\/bakpak.com.tr\/en\/#website","url":"https:\/\/bakpak.com.tr\/en\/","name":"BAKPAK Global","description":"Corporate Packaging Solutions","publisher":{"@id":"https:\/\/bakpak.com.tr\/en\/#organization"},"potentialAction":[{"@type":"SearchAction","target":{"@type":"EntryPoint","urlTemplate":"https:\/\/bakpak.com.tr\/en\/?s={search_term_string}"},"query-input":{"@type":"PropertyValueSpecification","valueRequired":true,"valueName":"search_term_string"}}],"inLanguage":"en-US"},{"@type":"Organization","@id":"https:\/\/bakpak.com.tr\/en\/#organization","name":"BAKPAK Global G\u0131da ve Tic. Ltd. \u015eti.","alternateName":"BAKPAK Global","url":"https:\/\/bakpak.com.tr\/en\/","logo":{"@type":"ImageObject","inLanguage":"en-US","@id":"https:\/\/bakpak.com.tr\/en\/#\/schema\/logo\/image\/","url":"https:\/\/bakpak.com.tr\/wp-content\/uploads\/2023\/09\/bakpak-global-logo-kare.png","contentUrl":"https:\/\/bakpak.com.tr\/wp-content\/uploads\/2023\/09\/bakpak-global-logo-kare.png","width":578,"height":579,"caption":"BAKPAK Global G\u0131da ve Tic. Ltd. \u015eti."},"image":{"@id":"https:\/\/bakpak.com.tr\/en\/#\/schema\/logo\/image\/"},"sameAs":["https:\/\/www.linkedin.com\/company\/bakpak-global\/"]}]}},"_links":{"self":[{"href":"https:\/\/bakpak.com.tr\/en\/wp-json\/wp\/v2\/product\/7888","targetHints":{"allow":["GET"]}}],"collection":[{"href":"https:\/\/bakpak.com.tr\/en\/wp-json\/wp\/v2\/product"}],"about":[{"href":"https:\/\/bakpak.com.tr\/en\/wp-json\/wp\/v2\/types\/product"}],"replies":[{"embeddable":true,"href":"https:\/\/bakpak.com.tr\/en\/wp-json\/wp\/v2\/comments?post=7888"}],"wp:featuredmedia":[{"embeddable":true,"href":"https:\/\/bakpak.com.tr\/en\/wp-json\/wp\/v2\/media\/7712"}],"wp:attachment":[{"href":"https:\/\/bakpak.com.tr\/en\/wp-json\/wp\/v2\/media?parent=7888"}],"wp:term":[{"taxonomy":"product_brand","embeddable":true,"href":"https:\/\/bakpak.com.tr\/en\/wp-json\/wp\/v2\/product_brand?post=7888"},{"taxonomy":"product_cat","embeddable":true,"href":"https:\/\/bakpak.com.tr\/en\/wp-json\/wp\/v2\/product_cat?post=7888"},{"taxonomy":"product_tag","embeddable":true,"href":"https:\/\/bakpak.com.tr\/en\/wp-json\/wp\/v2\/product_tag?post=7888"}],"curies":[{"name":"wp","href":"https:\/\/api.w.org\/{rel}","templated":true}]}}