{"id":7848,"date":"2023-10-16T22:58:42","date_gmt":"2023-10-16T19:58:42","guid":{"rendered":"https:\/\/bakpak.com.tr\/urunler\/karakoy-gulluoglu-cardboard-baklava-box\/"},"modified":"2023-10-16T22:58:42","modified_gmt":"2023-10-16T19:58:42","slug":"karakoy-gulluoglu-cardboard-baklava-box","status":"publish","type":"product","link":"https:\/\/bakpak.com.tr\/en\/karakoy-gulluoglu-cardboard-baklava-box\/","title":{"rendered":"Karak\u00f6y G\u00fcll\u00fco\u011flu Cardboard Baklava Box"},"content":{"rendered":"","protected":false},"excerpt":{"rendered":"<p>BAKPAK Global, as a subsidiary of Karak\u00f6y G\u00fcll\u00fco\u011flu, is proud to offer you the highest quality packaging solutions.<\/p>\n<p>Crown your flavor feast with a stylish packaging with first class baklava boxes where taste and quality come together!<\/p>\n<p>Our cardboard baklava boxes provide both aesthetic and practical use. They are offered in different sizes and customizable design options.<\/p>\n<p>Our boxes are made of American Bristol or chrome cardboard and designed to preserve the freshness and quality of your baklava.<\/p>\n<p>The inner side is coated with matt cellophane, glossy cellophane or mother-of-pearl cellophane and has features that do not absorb syrup and do not drip.<\/p>\n","protected":false},"featured_media":7449,"comment_status":"closed","ping_status":"closed","template":"","meta":[],"product_brand":[],"product_cat":[96,87],"product_tag":[],"class_list":{"0":"post-7848","1":"product","2":"type-product","3":"status-publish","4":"has-post-thumbnail","6":"product_cat-cardboard","7":"product_cat-karakoy-gulluoglu-specials","9":"first","10":"instock","11":"product-type-simple"},"yoast_head":"<!-- This site is optimized with the Yoast SEO plugin v27.3 - https:\/\/yoast.com\/product\/yoast-seo-wordpress\/ -->\n<title>Karak\u00f6y G\u00fcll\u00fco\u011flu Cardboard Baklava Box | BAKPAK Global<\/title>\n<meta name=\"robots\" content=\"index, follow, max-snippet:-1, max-image-preview:large, max-video-preview:-1\" \/>\n<link rel=\"canonical\" href=\"https:\/\/bakpak.com.tr\/en\/karakoy-gulluoglu-cardboard-baklava-box\/\" \/>\n<meta property=\"og:locale\" content=\"en_US\" \/>\n<meta property=\"og:type\" content=\"article\" \/>\n<meta property=\"og:title\" content=\"Karak\u00f6y G\u00fcll\u00fco\u011flu Cardboard Baklava Box | BAKPAK Global\" \/>\n<meta property=\"og:description\" content=\"BAKPAK Global, as a subsidiary of Karak\u00f6y G\u00fcll\u00fco\u011flu, is proud to offer you the highest quality packaging solutions.Crown your flavor feast with a stylish packaging with first class baklava boxes where taste and quality come together!Our cardboard baklava boxes provide both aesthetic and practical use. They are offered in different sizes and customizable design options.Our boxes are made of American Bristol or chrome cardboard and designed to preserve the freshness and quality of your baklava.The inner side is coated with matt cellophane, glossy cellophane or mother-of-pearl cellophane and has features that do not absorb syrup and do not drip.\" \/>\n<meta property=\"og:url\" content=\"https:\/\/bakpak.com.tr\/en\/karakoy-gulluoglu-cardboard-baklava-box\/\" \/>\n<meta property=\"og:site_name\" content=\"BAKPAK Global\" \/>\n<meta property=\"og:image\" content=\"https:\/\/bakpak.com.tr\/wp-content\/uploads\/2023\/08\/15.jpg\" \/>\n\t<meta property=\"og:image:width\" content=\"1500\" \/>\n\t<meta property=\"og:image:height\" content=\"1500\" \/>\n\t<meta property=\"og:image:type\" content=\"image\/jpeg\" \/>\n<meta name=\"twitter:card\" content=\"summary_large_image\" \/>\n<script type=\"application\/ld+json\" class=\"yoast-schema-graph\">{\"@context\":\"https:\\\/\\\/schema.org\",\"@graph\":[{\"@type\":\"WebPage\",\"@id\":\"https:\\\/\\\/bakpak.com.tr\\\/en\\\/karakoy-gulluoglu-cardboard-baklava-box\\\/\",\"url\":\"https:\\\/\\\/bakpak.com.tr\\\/en\\\/karakoy-gulluoglu-cardboard-baklava-box\\\/\",\"name\":\"Karak\u00f6y G\u00fcll\u00fco\u011flu Cardboard Baklava Box | BAKPAK Global\",\"isPartOf\":{\"@id\":\"https:\\\/\\\/bakpak.com.tr\\\/en\\\/#website\"},\"primaryImageOfPage\":{\"@id\":\"https:\\\/\\\/bakpak.com.tr\\\/en\\\/karakoy-gulluoglu-cardboard-baklava-box\\\/#primaryimage\"},\"image\":{\"@id\":\"https:\\\/\\\/bakpak.com.tr\\\/en\\\/karakoy-gulluoglu-cardboard-baklava-box\\\/#primaryimage\"},\"thumbnailUrl\":\"https:\\\/\\\/bakpak.com.tr\\\/wp-content\\\/uploads\\\/2023\\\/08\\\/15.jpg\",\"datePublished\":\"2023-10-16T19:58:42+00:00\",\"breadcrumb\":{\"@id\":\"https:\\\/\\\/bakpak.com.tr\\\/en\\\/karakoy-gulluoglu-cardboard-baklava-box\\\/#breadcrumb\"},\"inLanguage\":\"en-US\",\"potentialAction\":[{\"@type\":\"ReadAction\",\"target\":[\"https:\\\/\\\/bakpak.com.tr\\\/en\\\/karakoy-gulluoglu-cardboard-baklava-box\\\/\"]}]},{\"@type\":\"ImageObject\",\"inLanguage\":\"en-US\",\"@id\":\"https:\\\/\\\/bakpak.com.tr\\\/en\\\/karakoy-gulluoglu-cardboard-baklava-box\\\/#primaryimage\",\"url\":\"https:\\\/\\\/bakpak.com.tr\\\/wp-content\\\/uploads\\\/2023\\\/08\\\/15.jpg\",\"contentUrl\":\"https:\\\/\\\/bakpak.com.tr\\\/wp-content\\\/uploads\\\/2023\\\/08\\\/15.jpg\",\"width\":1500,\"height\":1500,\"caption\":\"baklava kutu\"},{\"@type\":\"BreadcrumbList\",\"@id\":\"https:\\\/\\\/bakpak.com.tr\\\/en\\\/karakoy-gulluoglu-cardboard-baklava-box\\\/#breadcrumb\",\"itemListElement\":[{\"@type\":\"ListItem\",\"position\":1,\"name\":\"Anasayfa\",\"item\":\"https:\\\/\\\/bakpak.com.tr\\\/en\\\/home\\\/\"},{\"@type\":\"ListItem\",\"position\":2,\"name\":\"Products\",\"item\":\"https:\\\/\\\/bakpak.com.tr\\\/en\\\/products\\\/\"},{\"@type\":\"ListItem\",\"position\":3,\"name\":\"Karak\u00f6y G\u00fcll\u00fco\u011flu Cardboard Baklava Box\"}]},{\"@type\":\"WebSite\",\"@id\":\"https:\\\/\\\/bakpak.com.tr\\\/en\\\/#website\",\"url\":\"https:\\\/\\\/bakpak.com.tr\\\/en\\\/\",\"name\":\"BAKPAK Global\",\"description\":\"Corporate Packaging Solutions\",\"publisher\":{\"@id\":\"https:\\\/\\\/bakpak.com.tr\\\/en\\\/#organization\"},\"potentialAction\":[{\"@type\":\"SearchAction\",\"target\":{\"@type\":\"EntryPoint\",\"urlTemplate\":\"https:\\\/\\\/bakpak.com.tr\\\/en\\\/?s={search_term_string}\"},\"query-input\":{\"@type\":\"PropertyValueSpecification\",\"valueRequired\":true,\"valueName\":\"search_term_string\"}}],\"inLanguage\":\"en-US\"},{\"@type\":\"Organization\",\"@id\":\"https:\\\/\\\/bakpak.com.tr\\\/en\\\/#organization\",\"name\":\"BAKPAK Global G\u0131da ve Tic. Ltd. \u015eti.\",\"alternateName\":\"BAKPAK Global\",\"url\":\"https:\\\/\\\/bakpak.com.tr\\\/en\\\/\",\"logo\":{\"@type\":\"ImageObject\",\"inLanguage\":\"en-US\",\"@id\":\"https:\\\/\\\/bakpak.com.tr\\\/en\\\/#\\\/schema\\\/logo\\\/image\\\/\",\"url\":\"https:\\\/\\\/bakpak.com.tr\\\/wp-content\\\/uploads\\\/2023\\\/09\\\/bakpak-global-logo-kare.png\",\"contentUrl\":\"https:\\\/\\\/bakpak.com.tr\\\/wp-content\\\/uploads\\\/2023\\\/09\\\/bakpak-global-logo-kare.png\",\"width\":578,\"height\":579,\"caption\":\"BAKPAK Global G\u0131da ve Tic. Ltd. \u015eti.\"},\"image\":{\"@id\":\"https:\\\/\\\/bakpak.com.tr\\\/en\\\/#\\\/schema\\\/logo\\\/image\\\/\"},\"sameAs\":[\"https:\\\/\\\/www.linkedin.com\\\/company\\\/bakpak-global\\\/\"]}]}<\/script>\n<!-- \/ Yoast SEO plugin. -->","yoast_head_json":{"title":"Karak\u00f6y G\u00fcll\u00fco\u011flu Cardboard Baklava Box | BAKPAK Global","robots":{"index":"index","follow":"follow","max-snippet":"max-snippet:-1","max-image-preview":"max-image-preview:large","max-video-preview":"max-video-preview:-1"},"canonical":"https:\/\/bakpak.com.tr\/en\/karakoy-gulluoglu-cardboard-baklava-box\/","og_locale":"en_US","og_type":"article","og_title":"Karak\u00f6y G\u00fcll\u00fco\u011flu Cardboard Baklava Box | BAKPAK Global","og_description":"BAKPAK Global, as a subsidiary of Karak\u00f6y G\u00fcll\u00fco\u011flu, is proud to offer you the highest quality packaging solutions.Crown your flavor feast with a stylish packaging with first class baklava boxes where taste and quality come together!Our cardboard baklava boxes provide both aesthetic and practical use. They are offered in different sizes and customizable design options.Our boxes are made of American Bristol or chrome cardboard and designed to preserve the freshness and quality of your baklava.The inner side is coated with matt cellophane, glossy cellophane or mother-of-pearl cellophane and has features that do not absorb syrup and do not drip.","og_url":"https:\/\/bakpak.com.tr\/en\/karakoy-gulluoglu-cardboard-baklava-box\/","og_site_name":"BAKPAK Global","og_image":[{"width":1500,"height":1500,"url":"https:\/\/bakpak.com.tr\/wp-content\/uploads\/2023\/08\/15.jpg","type":"image\/jpeg"}],"twitter_card":"summary_large_image","schema":{"@context":"https:\/\/schema.org","@graph":[{"@type":"WebPage","@id":"https:\/\/bakpak.com.tr\/en\/karakoy-gulluoglu-cardboard-baklava-box\/","url":"https:\/\/bakpak.com.tr\/en\/karakoy-gulluoglu-cardboard-baklava-box\/","name":"Karak\u00f6y G\u00fcll\u00fco\u011flu Cardboard Baklava Box | BAKPAK Global","isPartOf":{"@id":"https:\/\/bakpak.com.tr\/en\/#website"},"primaryImageOfPage":{"@id":"https:\/\/bakpak.com.tr\/en\/karakoy-gulluoglu-cardboard-baklava-box\/#primaryimage"},"image":{"@id":"https:\/\/bakpak.com.tr\/en\/karakoy-gulluoglu-cardboard-baklava-box\/#primaryimage"},"thumbnailUrl":"https:\/\/bakpak.com.tr\/wp-content\/uploads\/2023\/08\/15.jpg","datePublished":"2023-10-16T19:58:42+00:00","breadcrumb":{"@id":"https:\/\/bakpak.com.tr\/en\/karakoy-gulluoglu-cardboard-baklava-box\/#breadcrumb"},"inLanguage":"en-US","potentialAction":[{"@type":"ReadAction","target":["https:\/\/bakpak.com.tr\/en\/karakoy-gulluoglu-cardboard-baklava-box\/"]}]},{"@type":"ImageObject","inLanguage":"en-US","@id":"https:\/\/bakpak.com.tr\/en\/karakoy-gulluoglu-cardboard-baklava-box\/#primaryimage","url":"https:\/\/bakpak.com.tr\/wp-content\/uploads\/2023\/08\/15.jpg","contentUrl":"https:\/\/bakpak.com.tr\/wp-content\/uploads\/2023\/08\/15.jpg","width":1500,"height":1500,"caption":"baklava kutu"},{"@type":"BreadcrumbList","@id":"https:\/\/bakpak.com.tr\/en\/karakoy-gulluoglu-cardboard-baklava-box\/#breadcrumb","itemListElement":[{"@type":"ListItem","position":1,"name":"Anasayfa","item":"https:\/\/bakpak.com.tr\/en\/home\/"},{"@type":"ListItem","position":2,"name":"Products","item":"https:\/\/bakpak.com.tr\/en\/products\/"},{"@type":"ListItem","position":3,"name":"Karak\u00f6y G\u00fcll\u00fco\u011flu Cardboard Baklava Box"}]},{"@type":"WebSite","@id":"https:\/\/bakpak.com.tr\/en\/#website","url":"https:\/\/bakpak.com.tr\/en\/","name":"BAKPAK Global","description":"Corporate Packaging Solutions","publisher":{"@id":"https:\/\/bakpak.com.tr\/en\/#organization"},"potentialAction":[{"@type":"SearchAction","target":{"@type":"EntryPoint","urlTemplate":"https:\/\/bakpak.com.tr\/en\/?s={search_term_string}"},"query-input":{"@type":"PropertyValueSpecification","valueRequired":true,"valueName":"search_term_string"}}],"inLanguage":"en-US"},{"@type":"Organization","@id":"https:\/\/bakpak.com.tr\/en\/#organization","name":"BAKPAK Global G\u0131da ve Tic. Ltd. \u015eti.","alternateName":"BAKPAK Global","url":"https:\/\/bakpak.com.tr\/en\/","logo":{"@type":"ImageObject","inLanguage":"en-US","@id":"https:\/\/bakpak.com.tr\/en\/#\/schema\/logo\/image\/","url":"https:\/\/bakpak.com.tr\/wp-content\/uploads\/2023\/09\/bakpak-global-logo-kare.png","contentUrl":"https:\/\/bakpak.com.tr\/wp-content\/uploads\/2023\/09\/bakpak-global-logo-kare.png","width":578,"height":579,"caption":"BAKPAK Global G\u0131da ve Tic. Ltd. \u015eti."},"image":{"@id":"https:\/\/bakpak.com.tr\/en\/#\/schema\/logo\/image\/"},"sameAs":["https:\/\/www.linkedin.com\/company\/bakpak-global\/"]}]}},"_links":{"self":[{"href":"https:\/\/bakpak.com.tr\/en\/wp-json\/wp\/v2\/product\/7848","targetHints":{"allow":["GET"]}}],"collection":[{"href":"https:\/\/bakpak.com.tr\/en\/wp-json\/wp\/v2\/product"}],"about":[{"href":"https:\/\/bakpak.com.tr\/en\/wp-json\/wp\/v2\/types\/product"}],"replies":[{"embeddable":true,"href":"https:\/\/bakpak.com.tr\/en\/wp-json\/wp\/v2\/comments?post=7848"}],"wp:featuredmedia":[{"embeddable":true,"href":"https:\/\/bakpak.com.tr\/en\/wp-json\/wp\/v2\/media\/7449"}],"wp:attachment":[{"href":"https:\/\/bakpak.com.tr\/en\/wp-json\/wp\/v2\/media?parent=7848"}],"wp:term":[{"taxonomy":"product_brand","embeddable":true,"href":"https:\/\/bakpak.com.tr\/en\/wp-json\/wp\/v2\/product_brand?post=7848"},{"taxonomy":"product_cat","embeddable":true,"href":"https:\/\/bakpak.com.tr\/en\/wp-json\/wp\/v2\/product_cat?post=7848"},{"taxonomy":"product_tag","embeddable":true,"href":"https:\/\/bakpak.com.tr\/en\/wp-json\/wp\/v2\/product_tag?post=7848"}],"curies":[{"name":"wp","href":"https:\/\/api.w.org\/{rel}","templated":true}]}}